{"id":8952,"date":"2017-06-12T13:45:16","date_gmt":"2017-06-12T13:45:16","guid":{"rendered":"http:\/\/caffemarsali.it\/fr\/?page_id=8952"},"modified":"2017-07-10T14:15:57","modified_gmt":"2017-07-10T14:15:57","slug":"une-marque-unique","status":"publish","type":"page","link":"https:\/\/caffemarsali.it\/fr\/une-marque-unique\/","title":{"rendered":"Une marque unique"},"content":{"rendered":"[mk_page_section bg_image=\u00a0\u00bbhttp:\/\/caffemarsali.it\/wp-content\/uploads\/2016\/10\/home-header-2.jpg\u00a0\u00bb bg_color=\u00a0\u00bbrgba(10,10,10,0.01)\u00a0\u00bb bg_position=\u00a0\u00bbleft center\u00a0\u00bb bg_stretch=\u00a0\u00bbtrue\u00a0\u00bb enable_3d=\u00a0\u00bbtrue\u00a0\u00bb video_color_mask=\u00a0\u00bb#000000&Prime; video_opacity=\u00a0\u00bb0.2&Prime; skip_arrow=\u00a0\u00bbtrue\u00a0\u00bb top_shape_color=\u00a0\u00bb#ffffff\u00a0\u00bb bottom_shape_size=\u00a0\u00bbsmall\u00a0\u00bb bottom_shape_color=\u00a0\u00bb#ffffff\u00a0\u00bb el_class=\u00a0\u00bbcustom-jueves-gradient-bg\u00a0\u00bb sidebar=\u00a0\u00bbsidebar-1&Prime;][vc_column][mk_padding_divider size=\u00a0\u00bb160&Prime;][vc_single_image image=\u00a0\u00bb7928&Prime; img_size=\u00a0\u00bb278&#215;150&Prime; alignment=\u00a0\u00bbcenter\u00a0\u00bb css_animation=\u00a0\u00bbappear\u00a0\u00bb el_class=\u00a0\u00bbsvg-logo\u00a0\u00bb][mk_fancy_title strip_tags=\u00a0\u00bbtrue\u00a0\u00bb tag_name=\u00a0\u00bbh1&Prime; color=\u00a0\u00bb#ffffff\u00a0\u00bb size=\u00a0\u00bb24&Prime; force_font_size=\u00a0\u00bbtrue\u00a0\u00bb size_smallscreen=\u00a0\u00bb30&Prime; size_tablet=\u00a0\u00bb30&Prime; size_phone=\u00a0\u00bb20&Prime; font_weight=\u00a0\u00bbbold\u00a0\u00bb font_style=\u00a0\u00bbnormal\u00a0\u00bb txt_transform=\u00a0\u00bbuppercase\u00a0\u00bb letter_spacing=\u00a0\u00bb8&Prime; margin_bottom=\u00a0\u00bb60&Prime; font_family=\u00a0\u00bbMontserrat\u00a0\u00bb font_type=\u00a0\u00bbgoogle\u00a0\u00bb align=\u00a0\u00bbcenter\u00a0\u00bb animation=\u00a0\u00bbscale-up\u00a0\u00bb]\n<p style=\"text-align: center;\"><span style=\"font-family: metapro-bold;\">LA MARQUE MARSAL\u00cc <\/span><\/p>\n[\/mk_fancy_title][\/vc_column][\/mk_page_section][mk_page_section bg_color=\u00a0\u00bb#ffffff\u00a0\u00bb sidebar=\u00a0\u00bbsidebar-1&Prime;][vc_column][mk_padding_divider size=\u00a0\u00bb60&Prime; visibility=\u00a0\u00bbhidden-sm\u00a0\u00bb][mk_fancy_title tag_name=\u00a0\u00bbh4&Prime; color=\u00a0\u00bb#50758b\u00a0\u00bb size=\u00a0\u00bb22&Prime; font_weight=\u00a0\u00bb400&Prime; txt_transform=\u00a0\u00bbuppercase\u00a0\u00bb letter_spacing=\u00a0\u00bb2.4&Prime; margin_top=\u00a0\u00bb20&Prime; font_family=\u00a0\u00bbnone\u00a0\u00bb align=\u00a0\u00bbcenter\u00a0\u00bb]<span style=\"font-size: 18pt; font-family: metapro-bold;\">LE PARFAIT \u00c9QUILIBRE ENTRE MODERNIT\u00c9 ET TRADITION<\/span>[\/mk_fancy_title][vc_column_text align=\u00a0\u00bbcenter\u00a0\u00bb]<span style=\"color: #999999;\"><span style=\"font-weight: 400; font-family: metapro-normal;\">N\u00e9 en 1974 \u00e0 Marsala sous le nom d&rsquo;Americaff, la marque est achet\u00e9e en 2005 par Moak. Elle est renomm\u00e9e Marsal\u00ec en 2014 pour souligner le caract\u00e8re m\u00e9diterran\u00e9en de ce m\u00e9lange unique. A l&rsquo;instar de Moak, qui \u00e9tait le nom donn\u00e9 \u00e0 la ville de Modica par les Arabes, Marsal\u00ec renoue avec cette rencontre de cultures.<\/span><\/span>[\/vc_column_text][mk_padding_divider size=\u00a0\u00bb60&Prime; visibility=\u00a0\u00bbhidden-sm\u00a0\u00bb][\/vc_column][\/mk_page_section][mk_page_section layout_structure=\u00a0\u00bbhalf_left\u00a0\u00bb bg_image=\u00a0\u00bbhttp:\/\/caffemarsali.it\/wp-content\/uploads\/2016\/10\/moak04-1.jpg\u00a0\u00bb bg_color=\u00a0\u00bb#f4f4f4&Prime; bg_stretch=\u00a0\u00bbtrue\u00a0\u00bb video_loop=\u00a0\u00bbfalse\u00a0\u00bb full_width=\u00a0\u00bbtrue\u00a0\u00bb full_height=\u00a0\u00bbtrue\u00a0\u00bb el_class=\u00a0\u00bbsection-product image-margin\u00a0\u00bb][vc_column][mk_padding_divider size=\u00a0\u00bb200&Prime; visibility=\u00a0\u00bbhidden-sm\u00a0\u00bb][vc_column_text disable_pattern=\u00a0\u00bbfalse\u00a0\u00bb align=\u00a0\u00bbcenter\u00a0\u00bb el_class=\u00a0\u00bbdescription_section\u00a0\u00bb]<span style=\"font-weight: 400; font-size: 12pt;\"><span style=\"font-family: metapro-normal;\">Marsal\u00ec s\u2019inspire de la philosophie de Moak : une attention \u00e0 la qualit\u00e9 \u00e0 chaque \u00e9tape du processus, une m\u00e9thodologie sp\u00e9ciale pour am\u00e9liorer les caract\u00e9ristiques organoleptiques de nos m\u00e9langes, un mariage entre connaissance ancestrale et nouvelles technologies, sensibilit\u00e9 au d\u00e9veloppement durable et au bien-\u00eatre des employ\u00e9s.<\/span> <\/span>[\/vc_column_text][mk_padding_divider size=\u00a0\u00bb200&Prime; visibility=\u00a0\u00bbhidden-sm\u00a0\u00bb][\/vc_column][\/mk_page_section][mk_page_section layout_structure=\u00a0\u00bbhalf_right\u00a0\u00bb bg_image=\u00a0\u00bbhttp:\/\/caffemarsali.it\/wp-content\/uploads\/2016\/11\/marsal-tazzina.jpeg\u00a0\u00bb bg_color=\u00a0\u00bb#f4f4f4&Prime; bg_stretch=\u00a0\u00bbtrue\u00a0\u00bb video_loop=\u00a0\u00bbfalse\u00a0\u00bb full_width=\u00a0\u00bbtrue\u00a0\u00bb full_height=\u00a0\u00bbtrue\u00a0\u00bb el_class=\u00a0\u00bbsection-product image-margin\u00a0\u00bb][vc_column][mk_padding_divider size=\u00a0\u00bb200&Prime; visibility=\u00a0\u00bbhidden-sm\u00a0\u00bb][vc_column_text disable_pattern=\u00a0\u00bbfalse\u00a0\u00bb align=\u00a0\u00bbcenter\u00a0\u00bb el_class=\u00a0\u00bbdescription_section\u00a0\u00bb]<span style=\"font-family: metapro-normal; font-size: 12pt;\"><span style=\"font-weight: 400;\">L&rsquo;Id\u00e9e de <\/span><span style=\"color: #50758b;\"><a style=\"color: #50758b;\" href=\"http:\/\/www.caffemoak.com\/en\/content\/me-design\"><span style=\"font-weight: 400;\">for[me]moak<\/span><\/a><\/span><span style=\"font-weight: 400;\"> pour la strat\u00e9gie de Marsal\u00ec est de mettre en valeur ce m\u00e9lange de tradition et d&rsquo;histoires, qui se marient aussi bien que les d\u00e9tails de l&rsquo;architecture arabo-sicilienne. Une complexit\u00e9 fascinante, tout comme notre caf\u00e9. C&rsquo;est pourquoi nous cr\u00e9ons des tasses \u00e0 caf\u00e9 qui s&rsquo;inspirent directement des formes et des motifs du logo de notre marque.<br \/>\n<\/span><\/span>[\/vc_column_text][mk_padding_divider size=\u00a0\u00bb200&Prime; visibility=\u00a0\u00bbhidden-sm\u00a0\u00bb][\/vc_column][\/mk_page_section][mk_page_section bg_image=\u00a0\u00bbhttp:\/\/caffemarsali.it\/wp-content\/uploads\/2016\/10\/parallax.jpg\u00a0\u00bb bg_color=\u00a0\u00bb#f4f4f4&Prime; attachment=\u00a0\u00bbfixed\u00a0\u00bb bg_position=\u00a0\u00bbcenter center\u00a0\u00bb bg_repeat=\u00a0\u00bbno-repeat\u00a0\u00bb bg_stretch=\u00a0\u00bbtrue\u00a0\u00bb enable_3d=\u00a0\u00bbtrue\u00a0\u00bb speed_factor=\u00a0\u00bb0.7&Prime; video_loop=\u00a0\u00bbfalse\u00a0\u00bb video_color_mask=\u00a0\u00bb#568ebf\u00a0\u00bb video_opacity=\u00a0\u00bb0.4&Prime; min_height=\u00a0\u00bb450&Prime; full_width=\u00a0\u00bbtrue\u00a0\u00bb js_vertical_centered=\u00a0\u00bbtrue\u00a0\u00bb sidebar=\u00a0\u00bbsidebar-1&Prime;][vc_column width=\u00a0\u00bb1\/6&Prime;][\/vc_column][vc_column width=\u00a0\u00bb2\/3&Prime;][mk_padding_divider size=\u00a0\u00bb75&Prime;][mk_fancy_title strip_tags=\u00a0\u00bbtrue\u00a0\u00bb tag_name=\u00a0\u00bbspan\u00a0\u00bb color=\u00a0\u00bb#ffffff\u00a0\u00bb size=\u00a0\u00bb30&Prime; force_font_size=\u00a0\u00bbtrue\u00a0\u00bb size_smallscreen=\u00a0\u00bb26&Prime; size_tablet=\u00a0\u00bb20&Prime; size_phone=\u00a0\u00bb18&Prime; font_weight=\u00a0\u00bb400&Prime; letter_spacing=\u00a0\u00bb1&Prime; margin_bottom=\u00a0\u00bb0&Prime; font_family=\u00a0\u00bbnone\u00a0\u00bb align=\u00a0\u00bbcenter\u00a0\u00bb animation=\u00a0\u00bbfade-in\u00a0\u00bb]\n<p style=\"text-align: center;\"><span style=\"font-weight: 400; font-family: metapro-normal;\">La continuit\u00e9 nous donne des racines, le changement nous donne des branches, nous \u00e9tirant et nous faisant grandir pour atteindre de nouveaux sommets.<\/span><\/p>\n[\/mk_fancy_title][mk_fancy_title tag_name=\u00a0\u00bbspan\u00a0\u00bb color=\u00a0\u00bb#ffffff\u00a0\u00bb size=\u00a0\u00bb20&Prime; force_font_size=\u00a0\u00bbtrue\u00a0\u00bb size_smallscreen=\u00a0\u00bb24&Prime; size_tablet=\u00a0\u00bb18&Prime; size_phone=\u00a0\u00bb16&Prime; font_family=\u00a0\u00bbnone\u00a0\u00bb align=\u00a0\u00bbright\u00a0\u00bb]<em>\u00a0Pauline R. Kezer<\/em>[\/mk_fancy_title][\/vc_column][vc_column width=\u00a0\u00bb1\/6&Prime;][\/vc_column][\/mk_page_section]\n","protected":false},"excerpt":{"rendered":"<p>[mk_page_section bg_image=\u00a0\u00bbhttp:\/\/caffemarsali.it\/wp-content\/uploads\/2016\/10\/home-header-2.jpg\u00a0\u00bb bg_color=\u00a0\u00bbrgba(10,10,10,0.01)\u00a0\u00bb bg_position=\u00a0\u00bbleft center\u00a0\u00bb bg_stretch=\u00a0\u00bbtrue\u00a0\u00bb enable_3d=\u00a0\u00bbtrue\u00a0\u00bb video_color_mask=\u00a0\u00bb#000000&Prime; video_opacity=\u00a0\u00bb0.2&Prime; skip_arrow=\u00a0\u00bbtrue\u00a0\u00bb top_shape_color=\u00a0\u00bb#ffffff\u00a0\u00bb bottom_shape_size=\u00a0\u00bbsmall\u00a0\u00bb bottom_shape_color=\u00a0\u00bb#ffffff\u00a0\u00bb el_class=\u00a0\u00bbcustom-jueves-gradient-bg\u00a0\u00bb sidebar=\u00a0\u00bbsidebar-1&Prime;][vc_column][mk_padding_divider size=\u00a0\u00bb160&Prime;][vc_single_image image=\u00a0\u00bb7928&Prime; img_size=\u00a0\u00bb278&#215;150&Prime; alignment=\u00a0\u00bbcenter\u00a0\u00bb css_animation=\u00a0\u00bbappear\u00a0\u00bb el_class=\u00a0\u00bbsvg-logo\u00a0\u00bb][mk_fancy_title strip_tags=\u00a0\u00bbtrue\u00a0\u00bb tag_name=\u00a0\u00bbh1&Prime; color=\u00a0\u00bb#ffffff\u00a0\u00bb size=\u00a0\u00bb24&Prime; force_font_size=\u00a0\u00bbtrue\u00a0\u00bb size_smallscreen=\u00a0\u00bb30&Prime; size_tablet=\u00a0\u00bb30&Prime; size_phone=\u00a0\u00bb20&Prime; font_weight=\u00a0\u00bbbold\u00a0\u00bb font_style=\u00a0\u00bbnormal\u00a0\u00bb txt_transform=\u00a0\u00bbuppercase\u00a0\u00bb letter_spacing=\u00a0\u00bb8&Prime; margin_bottom=\u00a0\u00bb60&Prime; font_family=\u00a0\u00bbMontserrat\u00a0\u00bb font_type=\u00a0\u00bbgoogle\u00a0\u00bb align=\u00a0\u00bbcenter\u00a0\u00bb animation=\u00a0\u00bbscale-up\u00a0\u00bb] LA MARQUE MARSAL\u00cc [\/mk_fancy_title][\/vc_column][\/mk_page_section][mk_page_section bg_color=\u00a0\u00bb#ffffff\u00a0\u00bb sidebar=\u00a0\u00bbsidebar-1&Prime;][vc_column][mk_padding_divider size=\u00a0\u00bb60&Prime; visibility=\u00a0\u00bbhidden-sm\u00a0\u00bb][mk_fancy_title tag_name=\u00a0\u00bbh4&Prime; color=\u00a0\u00bb#50758b\u00a0\u00bb size=\u00a0\u00bb22&Prime; font_weight=\u00a0\u00bb400&Prime; txt_transform=\u00a0\u00bbuppercase\u00a0\u00bb letter_spacing=\u00a0\u00bb2.4&Prime; margin_top=\u00a0\u00bb20&Prime; font_family=\u00a0\u00bbnone\u00a0\u00bb align=\u00a0\u00bbcenter\u00a0\u00bb]LE [&hellip;]<\/p>\n","protected":false},"author":2,"featured_media":0,"parent":0,"menu_order":0,"comment_status":"closed","ping_status":"closed","template":"","meta":{"inline_featured_image":false,"_mi_skip_tracking":false,"_exactmetrics_sitenote_active":false,"_exactmetrics_sitenote_note":"","_exactmetrics_sitenote_category":0,"footnotes":""},"_links":{"self":[{"href":"https:\/\/caffemarsali.it\/fr\/wp-json\/wp\/v2\/pages\/8952"}],"collection":[{"href":"https:\/\/caffemarsali.it\/fr\/wp-json\/wp\/v2\/pages"}],"about":[{"href":"https:\/\/caffemarsali.it\/fr\/wp-json\/wp\/v2\/types\/page"}],"author":[{"embeddable":true,"href":"https:\/\/caffemarsali.it\/fr\/wp-json\/wp\/v2\/users\/2"}],"replies":[{"embeddable":true,"href":"https:\/\/caffemarsali.it\/fr\/wp-json\/wp\/v2\/comments?post=8952"}],"version-history":[{"count":6,"href":"https:\/\/caffemarsali.it\/fr\/wp-json\/wp\/v2\/pages\/8952\/revisions"}],"predecessor-version":[{"id":9005,"href":"https:\/\/caffemarsali.it\/fr\/wp-json\/wp\/v2\/pages\/8952\/revisions\/9005"}],"wp:attachment":[{"href":"https:\/\/caffemarsali.it\/fr\/wp-json\/wp\/v2\/media?parent=8952"}],"curies":[{"name":"wp","href":"https:\/\/api.w.org\/{rel}","templated":true}]}}