{"id":8949,"date":"2017-06-12T13:41:54","date_gmt":"2017-06-12T13:41:54","guid":{"rendered":"http:\/\/caffemarsali.it\/fr\/?page_id=8949"},"modified":"2017-07-10T14:00:59","modified_gmt":"2017-07-10T14:00:59","slug":"italian-coffee-its-so-good-to-find-it-everywhere","status":"publish","type":"page","link":"https:\/\/caffemarsali.it\/fr\/","title":{"rendered":"Qu&rsquo;il est bon de pouvoir profiter du caf\u00e9 italien n&rsquo;importe o\u00f9"},"content":{"rendered":"[mk_page_section bg_image=\u00a0\u00bbhttp:\/\/caffemarsali.it\/wp-content\/uploads\/2016\/09\/marsali-12.jpeg\u00a0\u00bb attachment=\u00a0\u00bbfixed\u00a0\u00bb bg_position=\u00a0\u00bbleft center\u00a0\u00bb bg_repeat=\u00a0\u00bbno-repeat\u00a0\u00bb bg_stretch=\u00a0\u00bbtrue\u00a0\u00bb enable_3d=\u00a0\u00bbtrue\u00a0\u00bb video_loop=\u00a0\u00bbfalse\u00a0\u00bb bg_gradient=\u00a0\u00bbleft_top\u00a0\u00bb video_color_mask=\u00a0\u00bb#000000&Prime; gr_end=\u00a0\u00bbrgba(0,0,0,0.55)\u00a0\u00bb video_opacity=\u00a0\u00bb0.2&Prime; full_height=\u00a0\u00bbtrue\u00a0\u00bb skip_arrow=\u00a0\u00bbtrue\u00a0\u00bb top_shape_color=\u00a0\u00bb#ffffff\u00a0\u00bb bottom_shape_color=\u00a0\u00bb#ffffff\u00a0\u00bb el_class=\u00a0\u00bbcustom-jueves-gradient-bg arrowDownHidden\u00a0\u00bb sidebar=\u00a0\u00bbsidebar-1&Prime;][vc_column width=\u00a0\u00bb1\/6&Prime;][\/vc_column][vc_column width=\u00a0\u00bb2\/3&Prime;][vc_single_image image=\u00a0\u00bb8273&Prime; img_size=\u00a0\u00bb\u00a0\u00bb alignment=\u00a0\u00bbcenter\u00a0\u00bb css_animation=\u00a0\u00bbappear\u00a0\u00bb el_class=\u00a0\u00bbsvg-logo-title\u00a0\u00bb][mk_fancy_title strip_tags=\u00a0\u00bbtrue\u00a0\u00bb tag_name=\u00a0\u00bbh3&Prime; color=\u00a0\u00bb#ffffff\u00a0\u00bb size=\u00a0\u00bb26&Prime; force_font_size=\u00a0\u00bbtrue\u00a0\u00bb size_smallscreen=\u00a0\u00bb20&Prime; size_tablet=\u00a0\u00bb18&Prime; size_phone=\u00a0\u00bb16&Prime; font_weight=\u00a0\u00bb400&Prime; letter_spacing=\u00a0\u00bb1&Prime; margin_bottom=\u00a0\u00bb0&Prime; font_family=\u00a0\u00bbnone\u00a0\u00bb align=\u00a0\u00bbcenter\u00a0\u00bb animation=\u00a0\u00bbleft-to-right\u00a0\u00bb]<span style=\"font-weight: 400; font-family: metapro-book;\">Un caf\u00e9 italien. La promesse d&rsquo;un go\u00fbt unique.<\/span>[\/mk_fancy_title][\/vc_column][vc_column width=\u00a0\u00bb1\/6&Prime;][\/vc_column][\/mk_page_section][mk_page_section layout_structure=\u00a0\u00bbhalf_left\u00a0\u00bb bg_image=\u00a0\u00bbhttp:\/\/caffemarsali.it\/wp-content\/uploads\/2016\/09\/still-life-2-ld-e1477567292806.jpg\u00a0\u00bb bg_color=\u00a0\u00bb#f4f4f4&Prime; bg_stretch=\u00a0\u00bbtrue\u00a0\u00bb full_width=\u00a0\u00bbtrue\u00a0\u00bb full_height=\u00a0\u00bbtrue\u00a0\u00bb el_class=\u00a0\u00bbsection-product\u00a0\u00bb][vc_column][mk_padding_divider size=\u00a0\u00bb200&Prime; visibility=\u00a0\u00bbhidden-sm\u00a0\u00bb][mk_fancy_title strip_tags=\u00a0\u00bbtrue\u00a0\u00bb tag_name=\u00a0\u00bbh4&Prime; color=\u00a0\u00bb#50758b\u00a0\u00bb size=\u00a0\u00bb24&Prime; force_font_size=\u00a0\u00bbtrue\u00a0\u00bb size_tablet=\u00a0\u00bb20&Prime; size_phone=\u00a0\u00bb15&Prime; line_height=\u00a0\u00bb0&Prime; font_weight=\u00a0\u00bb400&Prime; font_style=\u00a0\u00bbnormal\u00a0\u00bb txt_transform=\u00a0\u00bbuppercase\u00a0\u00bb letter_spacing=\u00a0\u00bb2&Prime; margin_bottom=\u00a0\u00bb0&Prime; font_family=\u00a0\u00bbMontserrat\u00a0\u00bb font_type=\u00a0\u00bbgoogle\u00a0\u00bb align=\u00a0\u00bbcenter\u00a0\u00bb el_class=\u00a0\u00bbname_section\u00a0\u00bb]<span style=\"font-weight: 400; font-family: metapro-bold;\">L&rsquo;HISTOIRE DE MARSALI<\/span>[\/mk_fancy_title][mk_fancy_title tag_name=\u00a0\u00bbh3&Prime; color=\u00a0\u00bb#898989&Prime; size=\u00a0\u00bb18&Prime; font_family=\u00a0\u00bbnone\u00a0\u00bb align=\u00a0\u00bbcenter\u00a0\u00bb]<span style=\"font-family: metapro-light;\"><span style=\"font-weight: 400;\">Qu&rsquo;il est bon de pouvoir profiter du caf\u00e9 italien n&rsquo;importe o\u00f9.<\/span><\/span>[\/mk_fancy_title][vc_column_text disable_pattern=\u00a0\u00bbfalse\u00a0\u00bb el_class=\u00a0\u00bbdescription_section\u00a0\u00bb]\n<p style=\"text-align: center;\"><span style=\"font-weight: 400;\">Marsal\u00ec, c&rsquo;est l&rsquo;histoire d&rsquo;un caf\u00e9 italien qui commence son voyage \u00e0 travers le monde, emmenant avec lui la tradition et les histoires des torr\u00e9facteurs siciliens. N\u00e9 en 1974 \u00e0 Marsala sous le nom d&rsquo;Americaff, Moak change alors de nom en 2014 pour devenir Marsal\u00ec et mettre en avant les origines m\u00e9diterran\u00e9ennes d&rsquo;un m\u00e9lange unique.<\/span><\/p>\n[\/vc_column_text][mk_padding_divider size=\u00a0\u00bb200&Prime; visibility=\u00a0\u00bbhidden-sm\u00a0\u00bb][\/vc_column][\/mk_page_section][mk_page_section layout_structure=\u00a0\u00bbhalf_right\u00a0\u00bb bg_image=\u00a0\u00bbhttp:\/\/caffemarsali.it\/wp-content\/uploads\/2016\/10\/moak03.jpg\u00a0\u00bb bg_color=\u00a0\u00bb#f4f4f4&Prime; bg_stretch=\u00a0\u00bbtrue\u00a0\u00bb full_width=\u00a0\u00bbtrue\u00a0\u00bb full_height=\u00a0\u00bbtrue\u00a0\u00bb el_class=\u00a0\u00bbsection-product\u00a0\u00bb][vc_column][mk_padding_divider size=\u00a0\u00bb200&Prime; visibility=\u00a0\u00bbhidden-sm\u00a0\u00bb][mk_fancy_title strip_tags=\u00a0\u00bbtrue\u00a0\u00bb tag_name=\u00a0\u00bbh4&Prime; color=\u00a0\u00bb#50758b\u00a0\u00bb size=\u00a0\u00bb24&Prime; force_font_size=\u00a0\u00bbtrue\u00a0\u00bb size_tablet=\u00a0\u00bb20&Prime; size_phone=\u00a0\u00bb15&Prime; line_height=\u00a0\u00bb0&Prime; font_weight=\u00a0\u00bb400&Prime; font_style=\u00a0\u00bbnormal\u00a0\u00bb txt_transform=\u00a0\u00bbuppercase\u00a0\u00bb letter_spacing=\u00a0\u00bb2&Prime; margin_bottom=\u00a0\u00bb0&Prime; font_family=\u00a0\u00bbMontserrat\u00a0\u00bb font_type=\u00a0\u00bbgoogle\u00a0\u00bb align=\u00a0\u00bbcenter\u00a0\u00bb el_class=\u00a0\u00bbname_section\u00a0\u00bb]<span style=\"font-weight: 400;\">LE GOUT MARSAL\u00cc<\/span>[\/mk_fancy_title][mk_fancy_title tag_name=\u00a0\u00bbh3&Prime; color=\u00a0\u00bb#898989&Prime; size=\u00a0\u00bb18&Prime; font_family=\u00a0\u00bbnone\u00a0\u00bb align=\u00a0\u00bbcenter\u00a0\u00bb]<span style=\"font-weight: 400; font-family: metapro-light;\">L&rsquo;alliance de l&rsquo;histoire et du savoir-faire<\/span>[\/mk_fancy_title][vc_column_text disable_pattern=\u00a0\u00bbfalse\u00a0\u00bb el_class=\u00a0\u00bbdescription_section\u00a0\u00bb]\n<p style=\"text-align: center;\"><span style=\"font-weight: 400;\">Son go\u00fbt robuste s&rsquo;allie \u00e0 une tradition longue de 40 ans, marqu\u00e9e par la passion du caf\u00e9, pour donner naissance \u00e0 un mariage intense n&rsquo;attendant qu&rsquo;\u00e0 \u00eatre r\u00e9v\u00e9l\u00e9.<\/span><\/p>\n[\/vc_column_text][vc_btn title=\u00a0\u00bbEn savoir plus\u00a0\u00bb style=\u00a0\u00bboutline-custom\u00a0\u00bb outline_custom_color=\u00a0\u00bb#50758b\u00a0\u00bb outline_custom_hover_background=\u00a0\u00bb#50758b\u00a0\u00bb outline_custom_hover_text=\u00a0\u00bb#ffffff\u00a0\u00bb shape=\u00a0\u00bbsquare\u00a0\u00bb align=\u00a0\u00bbcenter\u00a0\u00bb link=\u00a0\u00bburl:http%3A%2F%2Fcaffemarsali.it%2Fen%2Fproducts-marsali%2F|||\u00a0\u00bb][mk_padding_divider size=\u00a0\u00bb200&Prime; visibility=\u00a0\u00bbhidden-sm\u00a0\u00bb][\/vc_column][\/mk_page_section][mk_page_section layout_structure=\u00a0\u00bbhalf_left\u00a0\u00bb bg_image=\u00a0\u00bbhttp:\/\/caffemarsali.it\/wp-content\/uploads\/2016\/10\/home-header-2.jpg\u00a0\u00bb bg_color=\u00a0\u00bb#f4f4f4&Prime; bg_stretch=\u00a0\u00bbtrue\u00a0\u00bb full_width=\u00a0\u00bbtrue\u00a0\u00bb full_height=\u00a0\u00bbtrue\u00a0\u00bb el_class=\u00a0\u00bbsection-product\u00a0\u00bb][vc_column][mk_padding_divider size=\u00a0\u00bb200&Prime; visibility=\u00a0\u00bbhidden-sm\u00a0\u00bb][mk_fancy_title strip_tags=\u00a0\u00bbtrue\u00a0\u00bb tag_name=\u00a0\u00bbh4&Prime; color=\u00a0\u00bb#50758b\u00a0\u00bb size=\u00a0\u00bb24&Prime; force_font_size=\u00a0\u00bbtrue\u00a0\u00bb size_tablet=\u00a0\u00bb20&Prime; size_phone=\u00a0\u00bb15&Prime; line_height=\u00a0\u00bb0&Prime; font_weight=\u00a0\u00bb400&Prime; font_style=\u00a0\u00bbnormal\u00a0\u00bb txt_transform=\u00a0\u00bbuppercase\u00a0\u00bb letter_spacing=\u00a0\u00bb2&Prime; margin_bottom=\u00a0\u00bb0&Prime; font_family=\u00a0\u00bbMontserrat\u00a0\u00bb font_type=\u00a0\u00bbgoogle\u00a0\u00bb align=\u00a0\u00bbcenter\u00a0\u00bb el_class=\u00a0\u00bbname_section\u00a0\u00bb]MARQUE[\/mk_fancy_title][mk_fancy_title tag_name=\u00a0\u00bbh3&Prime; color=\u00a0\u00bb#898989&Prime; size=\u00a0\u00bb18&Prime; font_family=\u00a0\u00bbnone\u00a0\u00bb align=\u00a0\u00bbcenter\u00a0\u00bb]<span style=\"font-weight: 400; font-family: metapro-light;\">Une marque aussi unique que sa terre natale.<\/span>[\/mk_fancy_title][vc_column_text disable_pattern=\u00a0\u00bbfalse\u00a0\u00bb el_class=\u00a0\u00bbdescription_section\u00a0\u00bb]\n<p style=\"text-align: center;\"><span style=\"font-weight: 400;\">Chez Marsal\u00ec, nous souhaitons mettre en valeur un mariage riche d&rsquo;histoires et de traditions qui, \u00e0 l&rsquo;instar de l&rsquo;architecture arabo-sicilienne, se rencontrent en un subtil \u00e9quilibre de douceur et de force : comme notre caf\u00e9.<\/span><\/p>\n[\/vc_column_text][vc_btn title=\u00a0\u00bbEn savoir plus\u00a0\u00bb style=\u00a0\u00bboutline-custom\u00a0\u00bb outline_custom_color=\u00a0\u00bb#50758b\u00a0\u00bb outline_custom_hover_background=\u00a0\u00bb#50758b\u00a0\u00bb outline_custom_hover_text=\u00a0\u00bb#ffffff\u00a0\u00bb shape=\u00a0\u00bbsquare\u00a0\u00bb align=\u00a0\u00bbcenter\u00a0\u00bb link=\u00a0\u00bburl:http%3A%2F%2Fcaffemarsali.it%2Fen%2Fmarsali-brand%2F|||\u00a0\u00bb][mk_padding_divider size=\u00a0\u00bb200&Prime; visibility=\u00a0\u00bbhidden-sm\u00a0\u00bb][\/vc_column][\/mk_page_section][mk_page_section bg_image=\u00a0\u00bbhttp:\/\/caffemarsali.it\/wp-content\/uploads\/2016\/11\/marsal-donna.jpg\u00a0\u00bb bg_color=\u00a0\u00bb#f4f4f4&Prime; attachment=\u00a0\u00bbfixed\u00a0\u00bb bg_position=\u00a0\u00bbcenter top\u00a0\u00bb bg_repeat=\u00a0\u00bbno-repeat\u00a0\u00bb bg_stretch=\u00a0\u00bbtrue\u00a0\u00bb enable_3d=\u00a0\u00bbtrue\u00a0\u00bb speed_factor=\u00a0\u00bb0.7&Prime; video_loop=\u00a0\u00bbfalse\u00a0\u00bb video_color_mask=\u00a0\u00bb#568ebf\u00a0\u00bb video_opacity=\u00a0\u00bb0.4&Prime; min_height=\u00a0\u00bb450&Prime; full_width=\u00a0\u00bbtrue\u00a0\u00bb sidebar=\u00a0\u00bbsidebar-1&Prime;][vc_column width=\u00a0\u00bb1\/6&Prime;][\/vc_column][vc_column width=\u00a0\u00bb2\/3&Prime;][mk_padding_divider size=\u00a0\u00bb200&Prime;][mk_fancy_title strip_tags=\u00a0\u00bbtrue\u00a0\u00bb tag_name=\u00a0\u00bbspan\u00a0\u00bb color=\u00a0\u00bb#ffffff\u00a0\u00bb size=\u00a0\u00bb30&Prime; force_font_size=\u00a0\u00bbtrue\u00a0\u00bb size_smallscreen=\u00a0\u00bb28&Prime; size_tablet=\u00a0\u00bb24&Prime; size_phone=\u00a0\u00bb16&Prime; font_weight=\u00a0\u00bb400&Prime; letter_spacing=\u00a0\u00bb1&Prime; margin_bottom=\u00a0\u00bb0&Prime; font_family=\u00a0\u00bbnone\u00a0\u00bb align=\u00a0\u00bbcenter\u00a0\u00bb]\n<p style=\"text-align: center;\"><span style=\"font-weight: 400; font-family: metapro-normal;\">Un caf\u00e9 cr\u00e9meux, au parfum subtil et myst\u00e9rieux, comme sa terre natale. Un caf\u00e9 italien, une tradition unique et un savoir-faire authentique que vous pouvez appr\u00e9cier dans le monde entier.<\/span><\/p>\n[\/mk_fancy_title][mk_padding_divider size=\u00a0\u00bb200&Prime;][\/vc_column][vc_column width=\u00a0\u00bb1\/6&Prime;][\/vc_column][\/mk_page_section][mk_page_section bg_image=\u00a0\u00bbhttp:\/\/caffemarsali.it\/wp-content\/uploads\/2016\/11\/marsal-8.jpg\u00a0\u00bb bg_position=\u00a0\u00bbright center\u00a0\u00bb bg_repeat=\u00a0\u00bbno-repeat\u00a0\u00bb bg_stretch=\u00a0\u00bbtrue\u00a0\u00bb video_loop=\u00a0\u00bbfalse\u00a0\u00bb bg_gradient=\u00a0\u00bbvertical\u00a0\u00bb video_color_mask=\u00a0\u00bb#232323&Prime; video_opacity=\u00a0\u00bb0.7&Prime; padding_top=\u00a0\u00bb0&Prime; padding_bottom=\u00a0\u00bb0&Prime; sidebar=\u00a0\u00bbsidebar-1&Prime;][vc_column width=\u00a0\u00bb1\/4&Prime;][\/vc_column][vc_column width=\u00a0\u00bb1\/2&Prime; css=\u00a0\u00bb.vc_custom_1476973626542{background-color: rgba(255,255,255,0.8) !important;*background-color: rgb(255,255,255) !important;}\u00a0\u00bb][mk_padding_divider size=\u00a0\u00bb140&Prime;][mk_fancy_title strip_tags=\u00a0\u00bbtrue\u00a0\u00bb tag_name=\u00a0\u00bbh4&Prime; color=\u00a0\u00bb#50758b\u00a0\u00bb size=\u00a0\u00bb26&Prime; force_font_size=\u00a0\u00bbtrue\u00a0\u00bb size_smallscreen=\u00a0\u00bb14&Prime; size_tablet=\u00a0\u00bb14&Prime; size_phone=\u00a0\u00bb14&Prime; line_height=\u00a0\u00bb70&Prime; font_weight=\u00a0\u00bb400&Prime; font_style=\u00a0\u00bbnormal\u00a0\u00bb letter_spacing=\u00a0\u00bb1&Prime; margin_bottom=\u00a0\u00bb0&Prime; font_family=\u00a0\u00bbnone\u00a0\u00bb align=\u00a0\u00bbcenter\u00a0\u00bb]NOUS CONTACTER[\/mk_fancy_title][mk_padding_divider visibility=\u00a0\u00bbhidden-sm\u00a0\u00bb][mk_fancy_title strip_tags=\u00a0\u00bbtrue\u00a0\u00bb tag_name=\u00a0\u00bbh3&Prime; color=\u00a0\u00bb#000000&Prime; size=\u00a0\u00bb18&Prime; force_font_size=\u00a0\u00bbtrue\u00a0\u00bb size_smallscreen=\u00a0\u00bb14&Prime; size_tablet=\u00a0\u00bb14&Prime; size_phone=\u00a0\u00bb14&Prime; line_height=\u00a0\u00bb70&Prime; font_weight=\u00a0\u00bb400&Prime; font_style=\u00a0\u00bbnormal\u00a0\u00bb letter_spacing=\u00a0\u00bb1&Prime; margin_bottom=\u00a0\u00bb0&Prime; font_family=\u00a0\u00bbnone\u00a0\u00bb align=\u00a0\u00bbcenter\u00a0\u00bb]\n<p class=\"p1\"><strong>Caffe Marsal\u00ec<\/strong><\/p>\n[\/mk_fancy_title][mk_fancy_title strip_tags=\u00a0\u00bbtrue\u00a0\u00bb tag_name=\u00a0\u00bbh3&Prime; color=\u00a0\u00bb#000000&Prime; size=\u00a0\u00bb18&Prime; force_font_size=\u00a0\u00bbtrue\u00a0\u00bb size_smallscreen=\u00a0\u00bb14&Prime; size_tablet=\u00a0\u00bb14&Prime; size_phone=\u00a0\u00bb14&Prime; line_height=\u00a0\u00bb70&Prime; font_weight=\u00a0\u00bb400&Prime; font_style=\u00a0\u00bbnormal\u00a0\u00bb letter_spacing=\u00a0\u00bb1&Prime; margin_bottom=\u00a0\u00bb0&Prime; font_family=\u00a0\u00bbnone\u00a0\u00bb align=\u00a0\u00bbcenter\u00a0\u00bb]\n<p class=\"p1\"><strong>97015 Modica (RG), Italy<\/strong><\/p>\n[\/mk_fancy_title][mk_fancy_title strip_tags=\u00a0\u00bbtrue\u00a0\u00bb tag_name=\u00a0\u00bbh3&Prime; color=\u00a0\u00bb#000000&Prime; size=\u00a0\u00bb18&Prime; force_font_size=\u00a0\u00bbtrue\u00a0\u00bb size_smallscreen=\u00a0\u00bb14&Prime; size_tablet=\u00a0\u00bb14&Prime; size_phone=\u00a0\u00bb14&Prime; line_height=\u00a0\u00bb70&Prime; font_weight=\u00a0\u00bb400&Prime; font_style=\u00a0\u00bbnormal\u00a0\u00bb letter_spacing=\u00a0\u00bb1&Prime; margin_bottom=\u00a0\u00bb0&Prime; font_family=\u00a0\u00bbnone\u00a0\u00bb align=\u00a0\u00bbcenter\u00a0\u00bb]\n<p class=\"p1\"><strong>Viale delle Industrie 49-51-53<\/strong><\/p>\n[\/mk_fancy_title][mk_padding_divider][mk_fancy_title strip_tags=\u00a0\u00bbtrue\u00a0\u00bb tag_name=\u00a0\u00bbh3&Prime; color=\u00a0\u00bb#000000&Prime; size=\u00a0\u00bb18&Prime; force_font_size=\u00a0\u00bbtrue\u00a0\u00bb size_smallscreen=\u00a0\u00bb14&Prime; size_tablet=\u00a0\u00bb14&Prime; size_phone=\u00a0\u00bb14&Prime; line_height=\u00a0\u00bb70&Prime; font_weight=\u00a0\u00bb400&Prime; font_style=\u00a0\u00bbnormal\u00a0\u00bb letter_spacing=\u00a0\u00bb1&Prime; margin_bottom=\u00a0\u00bb0&Prime; font_family=\u00a0\u00bbnone\u00a0\u00bb align=\u00a0\u00bbcenter\u00a0\u00bb]\n<p class=\"p1\"><a href=\"mailto:info@caffemarsali.it\">info@caffemarsali.it<\/a><\/p>\n[\/mk_fancy_title][mk_fancy_title strip_tags=\u00a0\u00bbtrue\u00a0\u00bb tag_name=\u00a0\u00bbh3&Prime; color=\u00a0\u00bb#000000&Prime; size=\u00a0\u00bb18&Prime; force_font_size=\u00a0\u00bbtrue\u00a0\u00bb size_smallscreen=\u00a0\u00bb14&Prime; size_tablet=\u00a0\u00bb14&Prime; size_phone=\u00a0\u00bb14&Prime; line_height=\u00a0\u00bb70&Prime; font_weight=\u00a0\u00bb400&Prime; font_style=\u00a0\u00bbnormal\u00a0\u00bb letter_spacing=\u00a0\u00bb1&Prime; margin_bottom=\u00a0\u00bb0&Prime; font_family=\u00a0\u00bbnone\u00a0\u00bb align=\u00a0\u00bbcenter\u00a0\u00bb]\n<p class=\"p1\"><strong>tel +39 0932 904755<\/strong><\/p>\n[\/mk_fancy_title][mk_padding_divider size=\u00a0\u00bb50&Prime;][vc_btn title=\u00a0\u00bbNous contacter\u00a0\u00bb style=\u00a0\u00bboutline-custom\u00a0\u00bb outline_custom_color=\u00a0\u00bb#50758b\u00a0\u00bb outline_custom_hover_background=\u00a0\u00bb#50758b\u00a0\u00bb outline_custom_hover_text=\u00a0\u00bb#ffffff\u00a0\u00bb shape=\u00a0\u00bbsquare\u00a0\u00bb align=\u00a0\u00bbcenter\u00a0\u00bb link=\u00a0\u00bburl:http%3A%2F%2Fcaffemarsali.it%2Fcontattaci-marsali%2F|||\u00a0\u00bb][mk_padding_divider size=\u00a0\u00bb140&Prime; visibility=\u00a0\u00bbhidden-sm\u00a0\u00bb][\/vc_column][vc_column width=\u00a0\u00bb1\/4&Prime;][\/vc_column][\/mk_page_section]\n","protected":false},"excerpt":{"rendered":"<p>[mk_page_section bg_image=\u00a0\u00bbhttp:\/\/caffemarsali.it\/wp-content\/uploads\/2016\/09\/marsali-12.jpeg\u00a0\u00bb attachment=\u00a0\u00bbfixed\u00a0\u00bb bg_position=\u00a0\u00bbleft center\u00a0\u00bb bg_repeat=\u00a0\u00bbno-repeat\u00a0\u00bb bg_stretch=\u00a0\u00bbtrue\u00a0\u00bb enable_3d=\u00a0\u00bbtrue\u00a0\u00bb video_loop=\u00a0\u00bbfalse\u00a0\u00bb bg_gradient=\u00a0\u00bbleft_top\u00a0\u00bb video_color_mask=\u00a0\u00bb#000000&Prime; gr_end=\u00a0\u00bbrgba(0,0,0,0.55)\u00a0\u00bb video_opacity=\u00a0\u00bb0.2&Prime; full_height=\u00a0\u00bbtrue\u00a0\u00bb skip_arrow=\u00a0\u00bbtrue\u00a0\u00bb top_shape_color=\u00a0\u00bb#ffffff\u00a0\u00bb bottom_shape_color=\u00a0\u00bb#ffffff\u00a0\u00bb el_class=\u00a0\u00bbcustom-jueves-gradient-bg arrowDownHidden\u00a0\u00bb sidebar=\u00a0\u00bbsidebar-1&Prime;][vc_column width=\u00a0\u00bb1\/6&Prime;][\/vc_column][vc_column width=\u00a0\u00bb2\/3&Prime;][vc_single_image image=\u00a0\u00bb8273&Prime; img_size=\u00a0\u00bb\u00a0\u00bb alignment=\u00a0\u00bbcenter\u00a0\u00bb css_animation=\u00a0\u00bbappear\u00a0\u00bb el_class=\u00a0\u00bbsvg-logo-title\u00a0\u00bb][mk_fancy_title strip_tags=\u00a0\u00bbtrue\u00a0\u00bb tag_name=\u00a0\u00bbh3&Prime; color=\u00a0\u00bb#ffffff\u00a0\u00bb size=\u00a0\u00bb26&Prime; force_font_size=\u00a0\u00bbtrue\u00a0\u00bb size_smallscreen=\u00a0\u00bb20&Prime; size_tablet=\u00a0\u00bb18&Prime; size_phone=\u00a0\u00bb16&Prime; font_weight=\u00a0\u00bb400&Prime; letter_spacing=\u00a0\u00bb1&Prime; margin_bottom=\u00a0\u00bb0&Prime; font_family=\u00a0\u00bbnone\u00a0\u00bb align=\u00a0\u00bbcenter\u00a0\u00bb animation=\u00a0\u00bbleft-to-right\u00a0\u00bb]Un caf\u00e9 italien. La promesse d&rsquo;un go\u00fbt unique.[\/mk_fancy_title][\/vc_column][vc_column width=\u00a0\u00bb1\/6&Prime;][\/vc_column][\/mk_page_section][mk_page_section layout_structure=\u00a0\u00bbhalf_left\u00a0\u00bb bg_image=\u00a0\u00bbhttp:\/\/caffemarsali.it\/wp-content\/uploads\/2016\/09\/still-life-2-ld-e1477567292806.jpg\u00a0\u00bb bg_color=\u00a0\u00bb#f4f4f4&Prime; bg_stretch=\u00a0\u00bbtrue\u00a0\u00bb full_width=\u00a0\u00bbtrue\u00a0\u00bb full_height=\u00a0\u00bbtrue\u00a0\u00bb [&hellip;]<\/p>\n","protected":false},"author":2,"featured_media":0,"parent":0,"menu_order":0,"comment_status":"closed","ping_status":"closed","template":"","meta":{"inline_featured_image":false,"_mi_skip_tracking":false,"_exactmetrics_sitenote_active":false,"_exactmetrics_sitenote_note":"","_exactmetrics_sitenote_category":0,"footnotes":""},"_links":{"self":[{"href":"https:\/\/caffemarsali.it\/fr\/wp-json\/wp\/v2\/pages\/8949"}],"collection":[{"href":"https:\/\/caffemarsali.it\/fr\/wp-json\/wp\/v2\/pages"}],"about":[{"href":"https:\/\/caffemarsali.it\/fr\/wp-json\/wp\/v2\/types\/page"}],"author":[{"embeddable":true,"href":"https:\/\/caffemarsali.it\/fr\/wp-json\/wp\/v2\/users\/2"}],"replies":[{"embeddable":true,"href":"https:\/\/caffemarsali.it\/fr\/wp-json\/wp\/v2\/comments?post=8949"}],"version-history":[{"count":5,"href":"https:\/\/caffemarsali.it\/fr\/wp-json\/wp\/v2\/pages\/8949\/revisions"}],"predecessor-version":[{"id":8997,"href":"https:\/\/caffemarsali.it\/fr\/wp-json\/wp\/v2\/pages\/8949\/revisions\/8997"}],"wp:attachment":[{"href":"https:\/\/caffemarsali.it\/fr\/wp-json\/wp\/v2\/media?parent=8949"}],"curies":[{"name":"wp","href":"https:\/\/api.w.org\/{rel}","templated":true}]}}