{"id":8942,"date":"2017-06-12T13:36:42","date_gmt":"2017-06-12T13:36:42","guid":{"rendered":"http:\/\/caffemarsali.it\/fr\/?page_id=8942"},"modified":"2017-07-10T14:43:42","modified_gmt":"2017-07-10T14:43:42","slug":"nous-contacter","status":"publish","type":"page","link":"https:\/\/caffemarsali.it\/fr\/nous-contacter\/","title":{"rendered":"Nous contacter"},"content":{"rendered":"[mk_page_section bg_image=\u00a0\u00bbhttp:\/\/caffemarsali.it\/wp-content\/uploads\/2016\/09\/header01.jpg\u00a0\u00bb bg_color=\u00a0\u00bbrgba(10,10,10,0.01)\u00a0\u00bb bg_position=\u00a0\u00bbcenter bottom\u00a0\u00bb bg_repeat=\u00a0\u00bbno-repeat\u00a0\u00bb bg_stretch=\u00a0\u00bbtrue\u00a0\u00bb enable_3d=\u00a0\u00bbtrue\u00a0\u00bb bg_gradient=\u00a0\u00bbleft_top\u00a0\u00bb video_color_mask=\u00a0\u00bb#000000&Prime; gr_end=\u00a0\u00bbrgba(0,0,0,0.35)\u00a0\u00bb video_opacity=\u00a0\u00bb0.2&Prime; skip_arrow=\u00a0\u00bbtrue\u00a0\u00bb top_shape_color=\u00a0\u00bb#ffffff\u00a0\u00bb bottom_shape_size=\u00a0\u00bbsmall\u00a0\u00bb bottom_shape_color=\u00a0\u00bb#ffffff\u00a0\u00bb el_class=\u00a0\u00bbcustom-jueves-gradient-bg section-contact\u00a0\u00bb sidebar=\u00a0\u00bbsidebar-1&Prime;][vc_column][mk_padding_divider size=\u00a0\u00bb160&Prime;][vc_single_image image=\u00a0\u00bb7928&Prime; img_size=\u00a0\u00bb278&#215;150&Prime; alignment=\u00a0\u00bbcenter\u00a0\u00bb css_animation=\u00a0\u00bbappear\u00a0\u00bb el_class=\u00a0\u00bbsvg-logo\u00a0\u00bb][mk_fancy_title strip_tags=\u00a0\u00bbtrue\u00a0\u00bb tag_name=\u00a0\u00bbh1&Prime; color=\u00a0\u00bb#ffffff\u00a0\u00bb size=\u00a0\u00bb24&Prime; force_font_size=\u00a0\u00bbtrue\u00a0\u00bb size_smallscreen=\u00a0\u00bb30&Prime; size_tablet=\u00a0\u00bb30&Prime; size_phone=\u00a0\u00bb20&Prime; font_weight=\u00a0\u00bbbold\u00a0\u00bb font_style=\u00a0\u00bbnormal\u00a0\u00bb txt_transform=\u00a0\u00bbuppercase\u00a0\u00bb letter_spacing=\u00a0\u00bb8&Prime; margin_bottom=\u00a0\u00bb60&Prime; font_family=\u00a0\u00bbMontserrat\u00a0\u00bb font_type=\u00a0\u00bbgoogle\u00a0\u00bb align=\u00a0\u00bbcenter\u00a0\u00bb animation=\u00a0\u00bbscale-up\u00a0\u00bb]\n<p style=\"text-align: center;\"><span style=\"font-family: metapro-bold;\">Nous contacter<\/span><\/p>\n[\/mk_fancy_title][\/vc_column][\/mk_page_section][mk_page_section bg_color=\u00a0\u00bb#ffffff\u00a0\u00bb sidebar=\u00a0\u00bbsidebar-1&Prime;][vc_column][mk_padding_divider size=\u00a0\u00bb60&Prime;][mk_fancy_title tag_name=\u00a0\u00bbh4&Prime; color=\u00a0\u00bb#50758b\u00a0\u00bb size=\u00a0\u00bb22&Prime; font_weight=\u00a0\u00bb400&Prime; txt_transform=\u00a0\u00bbuppercase\u00a0\u00bb letter_spacing=\u00a0\u00bb2.4&Prime; font_family=\u00a0\u00bbnone\u00a0\u00bb align=\u00a0\u00bbcenter\u00a0\u00bb]<span style=\"font-weight: 400; font-family: metapro-bold; font-size: 18pt;\">NOUS LAISSER UN MESSAGE<\/span>[\/mk_fancy_title][vc_column_text align=\u00a0\u00bbcenter\u00a0\u00bb]<span style=\"font-weight: 400; color: #999999;\">D\u00e9couvrez notre univers : le d\u00e9but d&rsquo;une d\u00e9licieuse aventure<\/span><\/p>\n<p><span style=\"font-weight: 400; color: #999999;\">\u00c9crivez-nous, nous vous r\u00e9pondrons aussi vite que possible!<\/span>[\/vc_column_text][mk_padding_divider size=\u00a0\u00bb60&Prime;][\/vc_column][\/mk_page_section][mk_page_section el_class=\u00a0\u00bbcolumn-image\u00a0\u00bb sidebar=\u00a0\u00bbsidebar-1&Prime;][vc_column css=\u00a0\u00bb.vc_custom_1464696761315{padding-right: 20px !important;}\u00a0\u00bb][vc_column_text]\n<div class=\"wpcf7 no-js\" id=\"wpcf7-f8990-o1\" lang=\"en-US\" dir=\"ltr\">\n<div class=\"screen-reader-response\"><p role=\"status\" aria-live=\"polite\" aria-atomic=\"true\"><\/p> <ul><\/ul><\/div>\n<form action=\"\/fr\/wp-json\/wp\/v2\/pages\/8942#wpcf7-f8990-o1\" method=\"post\" class=\"wpcf7-form init\" aria-label=\"Contact form\" novalidate=\"novalidate\" data-status=\"init\">\n<div style=\"display: none;\">\n<input type=\"hidden\" name=\"_wpcf7\" value=\"8990\" \/>\n<input type=\"hidden\" name=\"_wpcf7_version\" value=\"5.8.1\" \/>\n<input type=\"hidden\" name=\"_wpcf7_locale\" value=\"en_US\" \/>\n<input type=\"hidden\" name=\"_wpcf7_unit_tag\" value=\"wpcf7-f8990-o1\" \/>\n<input type=\"hidden\" name=\"_wpcf7_container_post\" value=\"0\" \/>\n<input type=\"hidden\" name=\"_wpcf7_posted_data_hash\" value=\"\" \/>\n<\/div>\n<div class=\"form-marsali\">\n\t<div class=\"row\">\n\t\t<div class=\"col-50 p-r-5\">\n\t\t\t<p><span class=\"wpcf7-form-control-wrap\" data-name=\"your-name\"><input size=\"40\" class=\"wpcf7-form-control wpcf7-text wpcf7-validates-as-required\" aria-required=\"true\" aria-invalid=\"false\" placeholder=\"name*\" value=\"\" type=\"text\" name=\"your-name\" \/><\/span>\n\t\t\t<\/p>\n\t\t<\/div>\n\t\t<div class=\"col-50 p-l-5\">\n\t\t\t<p><span class=\"wpcf7-form-control-wrap\" data-name=\"your-email\"><input size=\"40\" class=\"wpcf7-form-control wpcf7-email wpcf7-validates-as-required wpcf7-text wpcf7-validates-as-email\" aria-required=\"true\" aria-invalid=\"false\" placeholder=\"email*\" value=\"\" type=\"email\" name=\"your-email\" \/><\/span>\n\t\t\t<\/p>\n\t\t<\/div>\n\t<\/div>\n\t<div class=\"row\">\n\t\t<div class=\"col-50 p-r-5\">\n\t\t\t<p><span class=\"wpcf7-form-control-wrap\" data-name=\"your-telefono\"><input size=\"40\" class=\"wpcf7-form-control wpcf7-tel wpcf7-text wpcf7-validates-as-tel\" aria-invalid=\"false\" placeholder=\"t\u00e9l\u00e9phone\" value=\"\" type=\"tel\" name=\"your-telefono\" \/><\/span>\n\t\t\t<\/p>\n\t\t<\/div>\n\t\t<div class=\"col-50 p-l-5\">\n\t\t\t<p><span class=\"wpcf7-form-control-wrap\" data-name=\"your-azienda\"><input size=\"40\" class=\"wpcf7-form-control wpcf7-text\" aria-invalid=\"false\" placeholder=\"entreprise\" value=\"\" type=\"text\" name=\"your-azienda\" \/><\/span>\n\t\t\t<\/p>\n\t\t<\/div>\n\t<\/div>\n\t<div class=\"row\">\n\t\t<div class=\"col-100\">\n\t\t\t<p><span class=\"wpcf7-form-control-wrap\" data-name=\"your-message\"><textarea cols=\"40\" rows=\"10\" class=\"wpcf7-form-control wpcf7-textarea\" aria-invalid=\"false\" placeholder=\"votre message\" name=\"your-message\"><\/textarea><\/span>\n\t\t\t<\/p>\n\t\t<\/div>\n\t<\/div>\n\t<div class=\"row\">\n\t\t<div class=\"col-100\">\n\t\t\t<p><input class=\"wpcf7-form-control wpcf7-submit has-spinner\" type=\"submit\" value=\"Envoyer\" \/>\n\t\t\t<\/p>\n\t\t<\/div>\n\t<\/div>\n<\/div><div class=\"wpcf7-response-output\" aria-hidden=\"true\"><\/div>\n<\/form>\n<\/div>\n[\/vc_column_text][mk_padding_divider size=\u00a0\u00bb30&Prime;][\/vc_column][\/mk_page_section][vc_row][vc_column][mk_padding_divider size=\u00a0\u00bb60&Prime;][\/vc_column][\/vc_row]\n","protected":false},"excerpt":{"rendered":"<p>[mk_page_section bg_image=\u00a0\u00bbhttp:\/\/caffemarsali.it\/wp-content\/uploads\/2016\/09\/header01.jpg\u00a0\u00bb bg_color=\u00a0\u00bbrgba(10,10,10,0.01)\u00a0\u00bb bg_position=\u00a0\u00bbcenter bottom\u00a0\u00bb bg_repeat=\u00a0\u00bbno-repeat\u00a0\u00bb bg_stretch=\u00a0\u00bbtrue\u00a0\u00bb enable_3d=\u00a0\u00bbtrue\u00a0\u00bb bg_gradient=\u00a0\u00bbleft_top\u00a0\u00bb video_color_mask=\u00a0\u00bb#000000&Prime; gr_end=\u00a0\u00bbrgba(0,0,0,0.35)\u00a0\u00bb video_opacity=\u00a0\u00bb0.2&Prime; skip_arrow=\u00a0\u00bbtrue\u00a0\u00bb top_shape_color=\u00a0\u00bb#ffffff\u00a0\u00bb bottom_shape_size=\u00a0\u00bbsmall\u00a0\u00bb bottom_shape_color=\u00a0\u00bb#ffffff\u00a0\u00bb el_class=\u00a0\u00bbcustom-jueves-gradient-bg section-contact\u00a0\u00bb sidebar=\u00a0\u00bbsidebar-1&Prime;][vc_column][mk_padding_divider size=\u00a0\u00bb160&Prime;][vc_single_image image=\u00a0\u00bb7928&Prime; img_size=\u00a0\u00bb278&#215;150&Prime; alignment=\u00a0\u00bbcenter\u00a0\u00bb css_animation=\u00a0\u00bbappear\u00a0\u00bb el_class=\u00a0\u00bbsvg-logo\u00a0\u00bb][mk_fancy_title strip_tags=\u00a0\u00bbtrue\u00a0\u00bb tag_name=\u00a0\u00bbh1&Prime; color=\u00a0\u00bb#ffffff\u00a0\u00bb size=\u00a0\u00bb24&Prime; force_font_size=\u00a0\u00bbtrue\u00a0\u00bb size_smallscreen=\u00a0\u00bb30&Prime; size_tablet=\u00a0\u00bb30&Prime; size_phone=\u00a0\u00bb20&Prime; font_weight=\u00a0\u00bbbold\u00a0\u00bb font_style=\u00a0\u00bbnormal\u00a0\u00bb txt_transform=\u00a0\u00bbuppercase\u00a0\u00bb letter_spacing=\u00a0\u00bb8&Prime; margin_bottom=\u00a0\u00bb60&Prime; font_family=\u00a0\u00bbMontserrat\u00a0\u00bb font_type=\u00a0\u00bbgoogle\u00a0\u00bb align=\u00a0\u00bbcenter\u00a0\u00bb animation=\u00a0\u00bbscale-up\u00a0\u00bb] Nous contacter [\/mk_fancy_title][\/vc_column][\/mk_page_section][mk_page_section bg_color=\u00a0\u00bb#ffffff\u00a0\u00bb sidebar=\u00a0\u00bbsidebar-1&Prime;][vc_column][mk_padding_divider size=\u00a0\u00bb60&Prime;][mk_fancy_title tag_name=\u00a0\u00bbh4&Prime; color=\u00a0\u00bb#50758b\u00a0\u00bb size=\u00a0\u00bb22&Prime; font_weight=\u00a0\u00bb400&Prime; txt_transform=\u00a0\u00bbuppercase\u00a0\u00bb letter_spacing=\u00a0\u00bb2.4&Prime; font_family=\u00a0\u00bbnone\u00a0\u00bb [&hellip;]<\/p>\n","protected":false},"author":2,"featured_media":0,"parent":0,"menu_order":0,"comment_status":"closed","ping_status":"closed","template":"","meta":{"inline_featured_image":false,"_mi_skip_tracking":false,"_exactmetrics_sitenote_active":false,"_exactmetrics_sitenote_note":"","_exactmetrics_sitenote_category":0,"footnotes":""},"_links":{"self":[{"href":"https:\/\/caffemarsali.it\/fr\/wp-json\/wp\/v2\/pages\/8942"}],"collection":[{"href":"https:\/\/caffemarsali.it\/fr\/wp-json\/wp\/v2\/pages"}],"about":[{"href":"https:\/\/caffemarsali.it\/fr\/wp-json\/wp\/v2\/types\/page"}],"author":[{"embeddable":true,"href":"https:\/\/caffemarsali.it\/fr\/wp-json\/wp\/v2\/users\/2"}],"replies":[{"embeddable":true,"href":"https:\/\/caffemarsali.it\/fr\/wp-json\/wp\/v2\/comments?post=8942"}],"version-history":[{"count":6,"href":"https:\/\/caffemarsali.it\/fr\/wp-json\/wp\/v2\/pages\/8942\/revisions"}],"predecessor-version":[{"id":9009,"href":"https:\/\/caffemarsali.it\/fr\/wp-json\/wp\/v2\/pages\/8942\/revisions\/9009"}],"wp:attachment":[{"href":"https:\/\/caffemarsali.it\/fr\/wp-json\/wp\/v2\/media?parent=8942"}],"curies":[{"name":"wp","href":"https:\/\/api.w.org\/{rel}","templated":true}]}}