{"id":8951,"date":"2017-06-12T13:44:12","date_gmt":"2017-06-12T13:44:12","guid":{"rendered":"http:\/\/caffemarsali.it\/de\/?page_id=8951"},"modified":"2017-07-10T15:09:54","modified_gmt":"2017-07-10T15:09:54","slug":"einzigartige-marke","status":"publish","type":"page","link":"https:\/\/caffemarsali.it\/de\/einzigartige-marke\/","title":{"rendered":"Einzigartige Marke"},"content":{"rendered":"[mk_page_section bg_image=&#8220;http:\/\/caffemarsali.it\/wp-content\/uploads\/2016\/10\/home-header-2.jpg&#8220; bg_color=&#8220;rgba(10,10,10,0.01)&#8220; bg_position=&#8220;left center&#8220; bg_stretch=&#8220;true&#8220; enable_3d=&#8220;true&#8220; video_color_mask=&#8220;#000000&#8243; video_opacity=&#8220;0.2&#8243; skip_arrow=&#8220;true&#8220; top_shape_color=&#8220;#ffffff&#8220; bottom_shape_size=&#8220;small&#8220; bottom_shape_color=&#8220;#ffffff&#8220; el_class=&#8220;custom-jueves-gradient-bg&#8220; sidebar=&#8220;sidebar-1&#8243;][vc_column][mk_padding_divider size=&#8220;160&#8243;][vc_single_image image=&#8220;7928&#8243; img_size=&#8220;278&#215;150&#8243; alignment=&#8220;center&#8220; css_animation=&#8220;appear&#8220; el_class=&#8220;svg-logo&#8220;][mk_fancy_title strip_tags=&#8220;true&#8220; tag_name=&#8220;h1&#8243; color=&#8220;#ffffff&#8220; size=&#8220;24&#8243; force_font_size=&#8220;true&#8220; size_smallscreen=&#8220;30&#8243; size_tablet=&#8220;30&#8243; size_phone=&#8220;20&#8243; font_weight=&#8220;bold&#8220; font_style=&#8220;normal&#8220; txt_transform=&#8220;uppercase&#8220; letter_spacing=&#8220;8&#8243; margin_bottom=&#8220;60&#8243; font_family=&#8220;Montserrat&#8220; font_type=&#8220;google&#8220; align=&#8220;center&#8220; animation=&#8220;scale-up&#8220;]\n<p style=\"text-align: center;\"><span style=\"font-family: metapro-bold;\">brand\u00a0marsal\u00ec <\/span><\/p>\n[\/mk_fancy_title][\/vc_column][\/mk_page_section][mk_page_section bg_color=&#8220;#ffffff&#8220; sidebar=&#8220;sidebar-1&#8243;][vc_column][mk_padding_divider size=&#8220;60&#8243; visibility=&#8220;hidden-sm&#8220;][mk_fancy_title tag_name=&#8220;h4&#8243; color=&#8220;#50758b&#8220; size=&#8220;22&#8243; font_weight=&#8220;400&#8243; txt_transform=&#8220;uppercase&#8220; letter_spacing=&#8220;2.4&#8243; margin_top=&#8220;20&#8243; font_family=&#8220;none&#8220; align=&#8220;center&#8220;]<span style=\"font-size: 18pt; font-family: metapro-bold;\">KONZEPT ZWISCHEN INNOVATION UND TRADITION<\/span>[\/mk_fancy_title][vc_column_text align=&#8220;center&#8220;]\n<p style=\"color: #999999; font-weight: 400; font-family: metapro-normal;\">1974 wird die Marke mit dem Namen Americaff in Marsala gegr\u00fcndet. Im Jahre 2005 wird sie von Moak erworben und dann 2014 in Marsal\u00ec umgetauft, um das mediterrane Merkmal einer einzigartigen Kaffeemischung hervorzuheben. Wie bei der Namensgebung von Moak, die an den Namen erinnert, den die Stadt Modica von den Arabern bekommen hat, ruft Marsal\u00ec die Begegnung von Kulturen in Erinnerung.<\/p>\n[\/vc_column_text][mk_padding_divider size=&#8220;60&#8243; visibility=&#8220;hidden-sm&#8220;][\/vc_column][\/mk_page_section][mk_page_section layout_structure=&#8220;half_left&#8220; bg_image=&#8220;http:\/\/caffemarsali.it\/wp-content\/uploads\/2016\/10\/moak04-1.jpg&#8220; bg_color=&#8220;#f4f4f4&#8243; bg_stretch=&#8220;true&#8220; video_loop=&#8220;false&#8220; full_width=&#8220;true&#8220; full_height=&#8220;true&#8220; el_class=&#8220;section-product image-margin&#8220;][vc_column][mk_padding_divider size=&#8220;200&#8243; visibility=&#8220;hidden-sm&#8220;][vc_column_text disable_pattern=&#8220;false&#8220; align=&#8220;center&#8220; el_class=&#8220;description_section&#8220;]<span style=\"font-weight: 400; font-size: 12pt;\"><span style=\"font-family: metapro-normal;\">Moak hat seine Philosophie in Marsal\u00ec miteinbezogen: Beachtung gegen\u00fcber der Qualit\u00e4t bei jeder Bearbeitungsphase, eine besondere Methode, um die organoleptischen Eigenschaften der Mischungen hervorzuheben, die Vereinigung von altem Wissen und neuen Technologien, der Respekt gegen\u00fcber der Natur und den Menschen, die arbeiten. Ein unentwegtes Engagement, damit jede Kaffeetasse die Kultur, den Genuss und die Sch\u00f6nheit des Kaffees mit sich bringt. Marsal\u00ec ist ein einzigartiger Brand, wird aber von der Geschichte und den Werten begleitet, die zu Moak geh\u00f6ren.<\/span> <\/span>[\/vc_column_text][mk_padding_divider size=&#8220;200&#8243; visibility=&#8220;hidden-sm&#8220;][\/vc_column][\/mk_page_section][mk_page_section layout_structure=&#8220;half_right&#8220; bg_image=&#8220;http:\/\/caffemarsali.it\/wp-content\/uploads\/2016\/11\/marsal-tazzina.jpeg&#8220; bg_color=&#8220;#f4f4f4&#8243; bg_stretch=&#8220;true&#8220; video_loop=&#8220;false&#8220; full_width=&#8220;true&#8220; full_height=&#8220;true&#8220; el_class=&#8220;section-product image-margin&#8220;][vc_column][mk_padding_divider size=&#8220;200&#8243; visibility=&#8220;hidden-sm&#8220;][vc_column_text disable_pattern=&#8220;false&#8220; align=&#8220;center&#8220; el_class=&#8220;description_section&#8220;]<span style=\"font-family: metapro-normal; font-size: 12pt;\"><span style=\"font-weight: 400;\">Die Idee von <\/span><span style=\"color: #50758b;\"><a style=\"color: #50758b;\" href=\"http:\/\/www.caffemoak.com\/en\/content\/me-design\"><span style=\"font-weight: 400;\">for[me]moak<\/span><\/a><\/span><span style=\"font-weight: 400;\"> f\u00fcr das Branding von Marsal\u00ec m\u00f6chte genau diese Begegnung hervorheben: eine Mischung aus Tradition und Geschichte, die sich wie die Motive der Majoliken und der arabisch-sizilianischen Architektur verflechten. Eine faszinierende Komplexit\u00e4t, wie die unseres Kaffees. Aus diesem Grund haben wir die Formen und das Merkmal unserer Marke in den Henkeln wiedergegeben, die die Firmenmarke darstellen, wenn diese sich ber\u00fchren.<\/span><\/span>[\/vc_column_text][mk_padding_divider size=&#8220;200&#8243; visibility=&#8220;hidden-sm&#8220;][\/vc_column][\/mk_page_section][mk_page_section bg_image=&#8220;http:\/\/caffemarsali.it\/wp-content\/uploads\/2016\/10\/parallax.jpg&#8220; bg_color=&#8220;#f4f4f4&#8243; attachment=&#8220;fixed&#8220; bg_position=&#8220;center center&#8220; bg_repeat=&#8220;no-repeat&#8220; bg_stretch=&#8220;true&#8220; enable_3d=&#8220;true&#8220; speed_factor=&#8220;0.7&#8243; video_loop=&#8220;false&#8220; video_color_mask=&#8220;#568ebf&#8220; video_opacity=&#8220;0.4&#8243; min_height=&#8220;450&#8243; full_width=&#8220;true&#8220; js_vertical_centered=&#8220;true&#8220; sidebar=&#8220;sidebar-1&#8243;][vc_column width=&#8220;1\/6&#8243;][\/vc_column][vc_column width=&#8220;2\/3&#8243;][mk_padding_divider size=&#8220;75&#8243;][mk_fancy_title strip_tags=&#8220;true&#8220; tag_name=&#8220;span&#8220; color=&#8220;#ffffff&#8220; size=&#8220;30&#8243; force_font_size=&#8220;true&#8220; size_smallscreen=&#8220;26&#8243; size_tablet=&#8220;20&#8243; size_phone=&#8220;18&#8243; font_weight=&#8220;400&#8243; letter_spacing=&#8220;1&#8243; margin_bottom=&#8220;0&#8243; font_family=&#8220;none&#8220; align=&#8220;center&#8220; animation=&#8220;fade-in&#8220;]\n<p style=\"text-align: center;\"><span style=\"font-weight: 400; font-family: metapro-normal;\">Kontinuit\u00e4t gibt uns Wurzeln; Ver\u00e4nderung gibt uns \u00c4ste, die uns erlauben uns auszudehnen, zu wachsen und neue H\u00f6hen zu erreichen.<\/span><\/p>\n[\/mk_fancy_title][mk_fancy_title tag_name=&#8220;span&#8220; color=&#8220;#ffffff&#8220; size=&#8220;20&#8243; force_font_size=&#8220;true&#8220; size_smallscreen=&#8220;24&#8243; size_tablet=&#8220;18&#8243; size_phone=&#8220;16&#8243; font_family=&#8220;none&#8220; align=&#8220;right&#8220;]<em>\u00a0Pauline R. Kezer<\/em>[\/mk_fancy_title][\/vc_column][vc_column width=&#8220;1\/6&#8243;][\/vc_column][\/mk_page_section]\n","protected":false},"excerpt":{"rendered":"<p>[mk_page_section bg_image=&#8220;http:\/\/caffemarsali.it\/wp-content\/uploads\/2016\/10\/home-header-2.jpg&#8220; bg_color=&#8220;rgba(10,10,10,0.01)&#8220; bg_position=&#8220;left center&#8220; bg_stretch=&#8220;true&#8220; enable_3d=&#8220;true&#8220; video_color_mask=&#8220;#000000&#8243; video_opacity=&#8220;0.2&#8243; skip_arrow=&#8220;true&#8220; top_shape_color=&#8220;#ffffff&#8220; bottom_shape_size=&#8220;small&#8220; bottom_shape_color=&#8220;#ffffff&#8220; el_class=&#8220;custom-jueves-gradient-bg&#8220; sidebar=&#8220;sidebar-1&#8243;][vc_column][mk_padding_divider size=&#8220;160&#8243;][vc_single_image image=&#8220;7928&#8243; img_size=&#8220;278&#215;150&#8243; alignment=&#8220;center&#8220; css_animation=&#8220;appear&#8220; el_class=&#8220;svg-logo&#8220;][mk_fancy_title strip_tags=&#8220;true&#8220; tag_name=&#8220;h1&#8243; color=&#8220;#ffffff&#8220; size=&#8220;24&#8243; force_font_size=&#8220;true&#8220; size_smallscreen=&#8220;30&#8243; size_tablet=&#8220;30&#8243; size_phone=&#8220;20&#8243; font_weight=&#8220;bold&#8220; font_style=&#8220;normal&#8220; txt_transform=&#8220;uppercase&#8220; letter_spacing=&#8220;8&#8243; margin_bottom=&#8220;60&#8243; font_family=&#8220;Montserrat&#8220; font_type=&#8220;google&#8220; align=&#8220;center&#8220; animation=&#8220;scale-up&#8220;] brand\u00a0marsal\u00ec [\/mk_fancy_title][\/vc_column][\/mk_page_section][mk_page_section bg_color=&#8220;#ffffff&#8220; sidebar=&#8220;sidebar-1&#8243;][vc_column][mk_padding_divider size=&#8220;60&#8243; visibility=&#8220;hidden-sm&#8220;][mk_fancy_title tag_name=&#8220;h4&#8243; color=&#8220;#50758b&#8220; size=&#8220;22&#8243; font_weight=&#8220;400&#8243; txt_transform=&#8220;uppercase&#8220; letter_spacing=&#8220;2.4&#8243; margin_top=&#8220;20&#8243; font_family=&#8220;none&#8220; align=&#8220;center&#8220;]KONZEPT ZWISCHEN INNOVATION [&hellip;]<\/p>\n","protected":false},"author":2,"featured_media":0,"parent":0,"menu_order":0,"comment_status":"closed","ping_status":"closed","template":"","meta":{"inline_featured_image":false,"_mi_skip_tracking":false,"_exactmetrics_sitenote_active":false,"_exactmetrics_sitenote_note":"","_exactmetrics_sitenote_category":0,"footnotes":""},"_links":{"self":[{"href":"https:\/\/caffemarsali.it\/de\/wp-json\/wp\/v2\/pages\/8951"}],"collection":[{"href":"https:\/\/caffemarsali.it\/de\/wp-json\/wp\/v2\/pages"}],"about":[{"href":"https:\/\/caffemarsali.it\/de\/wp-json\/wp\/v2\/types\/page"}],"author":[{"embeddable":true,"href":"https:\/\/caffemarsali.it\/de\/wp-json\/wp\/v2\/users\/2"}],"replies":[{"embeddable":true,"href":"https:\/\/caffemarsali.it\/de\/wp-json\/wp\/v2\/comments?post=8951"}],"version-history":[{"count":4,"href":"https:\/\/caffemarsali.it\/de\/wp-json\/wp\/v2\/pages\/8951\/revisions"}],"predecessor-version":[{"id":9012,"href":"https:\/\/caffemarsali.it\/de\/wp-json\/wp\/v2\/pages\/8951\/revisions\/9012"}],"wp:attachment":[{"href":"https:\/\/caffemarsali.it\/de\/wp-json\/wp\/v2\/media?parent=8951"}],"curies":[{"name":"wp","href":"https:\/\/api.w.org\/{rel}","templated":true}]}}