{"id":8946,"date":"2017-06-12T13:40:49","date_gmt":"2017-06-12T13:40:49","guid":{"rendered":"http:\/\/caffemarsali.it\/de\/?page_id=8946"},"modified":"2017-06-19T08:57:24","modified_gmt":"2017-06-19T08:57:24","slug":"italian-coffee-its-so-good-to-find-it-everywhere","status":"publish","type":"page","link":"https:\/\/caffemarsali.it\/de\/","title":{"rendered":"Italian coffee. It\u2019s so good to find it everywhere"},"content":{"rendered":"[mk_page_section bg_image=&#8220;http:\/\/caffemarsali.it\/wp-content\/uploads\/2016\/09\/marsali-12.jpeg&#8220; attachment=&#8220;fixed&#8220; bg_position=&#8220;left center&#8220; bg_repeat=&#8220;no-repeat&#8220; bg_stretch=&#8220;true&#8220; enable_3d=&#8220;true&#8220; video_loop=&#8220;false&#8220; bg_gradient=&#8220;left_top&#8220; video_color_mask=&#8220;#000000&#8243; gr_end=&#8220;rgba(0,0,0,0.55)&#8220; video_opacity=&#8220;0.2&#8243; full_height=&#8220;true&#8220; skip_arrow=&#8220;true&#8220; top_shape_color=&#8220;#ffffff&#8220; bottom_shape_color=&#8220;#ffffff&#8220; el_class=&#8220;custom-jueves-gradient-bg arrowDownHidden&#8220; sidebar=&#8220;sidebar-1&#8243;][vc_column width=&#8220;1\/6&#8243;][\/vc_column][vc_column width=&#8220;2\/3&#8243;][vc_single_image image=&#8220;8273&#8243; img_size=&#8220;&#8220; alignment=&#8220;center&#8220; css_animation=&#8220;appear&#8220; el_class=&#8220;svg-logo-title&#8220;][mk_fancy_title strip_tags=&#8220;true&#8220; tag_name=&#8220;h3&#8243; color=&#8220;#ffffff&#8220; size=&#8220;26&#8243; force_font_size=&#8220;true&#8220; size_smallscreen=&#8220;20&#8243; size_tablet=&#8220;18&#8243; size_phone=&#8220;16&#8243; font_weight=&#8220;400&#8243; letter_spacing=&#8220;1&#8243; margin_bottom=&#8220;0&#8243; font_family=&#8220;none&#8220; align=&#8220;center&#8220; animation=&#8220;left-to-right&#8220;]<span style=\"font-weight: 400; font-family: metapro-book;\">Ein italienischer Kaffee. Ein gemeinsam zu entdeckender Genuss.<\/span>[\/mk_fancy_title][\/vc_column][vc_column width=&#8220;1\/6&#8243;][\/vc_column][\/mk_page_section][mk_page_section layout_structure=&#8220;half_left&#8220; bg_image=&#8220;http:\/\/caffemarsali.it\/wp-content\/uploads\/2016\/09\/still-life-2-ld-e1477567292806.jpg&#8220; bg_color=&#8220;#f4f4f4&#8243; bg_stretch=&#8220;true&#8220; full_width=&#8220;true&#8220; full_height=&#8220;true&#8220; el_class=&#8220;section-product&#8220;][vc_column][mk_padding_divider size=&#8220;200&#8243; visibility=&#8220;hidden-sm&#8220;][mk_fancy_title strip_tags=&#8220;true&#8220; tag_name=&#8220;h4&#8243; color=&#8220;#50758b&#8220; size=&#8220;24&#8243; force_font_size=&#8220;true&#8220; size_tablet=&#8220;20&#8243; size_phone=&#8220;15&#8243; line_height=&#8220;0&#8243; font_weight=&#8220;400&#8243; font_style=&#8220;normal&#8220; txt_transform=&#8220;uppercase&#8220; letter_spacing=&#8220;2&#8243; margin_bottom=&#8220;0&#8243; font_family=&#8220;Montserrat&#8220; font_type=&#8220;google&#8220; align=&#8220;center&#8220; el_class=&#8220;name_section&#8220;]<span style=\"font-weight: 400; font-family: metapro-bold;\">\u00dcBER MARSAL\u00cc<\/span>[\/mk_fancy_title][mk_fancy_title tag_name=&#8220;h3&#8243; color=&#8220;#898989&#8243; size=&#8220;18&#8243; font_family=&#8220;none&#8220; align=&#8220;center&#8220;]<span style=\"font-family: metapro-light;\"><span style=\"font-weight: 400;\">Kaffee aus Italien, \u00fcberall in der Welt zu genie\u00dfen<\/span><\/span>[\/mk_fancy_title][vc_column_text disable_pattern=&#8220;false&#8220; el_class=&#8220;description_section&#8220;]\n<p style=\"text-align: center;\"><span style=\"font-weight: 400;\">Marsal\u00ec erz\u00e4hlt eine italienische Geschichte: die eines Kaffees, der an einem alten sizilianischen Hafen zur Welt kommt und sich hinauswagt, indem er Tradition und Geschichte derjenigen mit sich bringt, die ihn herstellen. 1974 in Marsala mit dem Namen Americaff er\u00f6ffnet, wird die Marke 2014 auf Marsal\u00ec umgetauft, um das mediterrane Merkmal einer einzigartigen Kaffeemischung hervorzuheben.<\/span><\/p>\n[\/vc_column_text][mk_padding_divider size=&#8220;200&#8243; visibility=&#8220;hidden-sm&#8220;][\/vc_column][\/mk_page_section][mk_page_section layout_structure=&#8220;half_right&#8220; bg_image=&#8220;http:\/\/caffemarsali.it\/wp-content\/uploads\/2016\/10\/moak03.jpg&#8220; bg_color=&#8220;#f4f4f4&#8243; bg_stretch=&#8220;true&#8220; full_width=&#8220;true&#8220; full_height=&#8220;true&#8220; el_class=&#8220;section-product&#8220;][vc_column][mk_padding_divider size=&#8220;200&#8243; visibility=&#8220;hidden-sm&#8220;][mk_fancy_title strip_tags=&#8220;true&#8220; tag_name=&#8220;h4&#8243; color=&#8220;#50758b&#8220; size=&#8220;24&#8243; force_font_size=&#8220;true&#8220; size_tablet=&#8220;20&#8243; size_phone=&#8220;15&#8243; line_height=&#8220;0&#8243; font_weight=&#8220;400&#8243; font_style=&#8220;normal&#8220; txt_transform=&#8220;uppercase&#8220; letter_spacing=&#8220;2&#8243; margin_bottom=&#8220;0&#8243; font_family=&#8220;Montserrat&#8220; font_type=&#8220;google&#8220; align=&#8220;center&#8220; el_class=&#8220;name_section&#8220;]<span style=\"font-weight: 400;\">DER GESCHMACK VON MARSAL\u00cc<\/span>[\/mk_fancy_title][mk_fancy_title tag_name=&#8220;h3&#8243; color=&#8220;#898989&#8243; size=&#8220;18&#8243; font_family=&#8220;none&#8220; align=&#8220;center&#8220;]<span style=\"font-weight: 400; font-family: metapro-light;\">Eine Mischung aus Geschichte und Erfahrung<\/span>[\/mk_fancy_title][vc_column_text disable_pattern=&#8220;false&#8220; el_class=&#8220;description_section&#8220;]\n<p style=\"text-align: center;\"><span style=\"font-weight: 400;\">Ein f\u00fclliger K\u00f6rper, eine vierzig Jahre alte Tradition und die Liebe f\u00fcr Kaffee verbinden sich in einer Mischung, die darauf wartet, entdeckt zu werden.<\/span><\/p>\n[\/vc_column_text][vc_btn title=&#8220;Erfahren Sie mehr &#8220; style=&#8220;outline-custom&#8220; outline_custom_color=&#8220;#50758b&#8220; outline_custom_hover_background=&#8220;#50758b&#8220; outline_custom_hover_text=&#8220;#ffffff&#8220; shape=&#8220;square&#8220; align=&#8220;center&#8220; link=&#8220;url:http%3A%2F%2Fcaffemarsali.it%2Fde%2Fproducts-marsali%2F|||&#8220;][mk_padding_divider size=&#8220;200&#8243; visibility=&#8220;hidden-sm&#8220;][\/vc_column][\/mk_page_section][mk_page_section layout_structure=&#8220;half_left&#8220; bg_image=&#8220;http:\/\/caffemarsali.it\/wp-content\/uploads\/2016\/10\/home-header-2.jpg&#8220; bg_color=&#8220;#f4f4f4&#8243; bg_stretch=&#8220;true&#8220; full_width=&#8220;true&#8220; full_height=&#8220;true&#8220; el_class=&#8220;section-product&#8220;][vc_column][mk_padding_divider size=&#8220;200&#8243; visibility=&#8220;hidden-sm&#8220;][mk_fancy_title strip_tags=&#8220;true&#8220; tag_name=&#8220;h4&#8243; color=&#8220;#50758b&#8220; size=&#8220;24&#8243; force_font_size=&#8220;true&#8220; size_tablet=&#8220;20&#8243; size_phone=&#8220;15&#8243; line_height=&#8220;0&#8243; font_weight=&#8220;400&#8243; font_style=&#8220;normal&#8220; txt_transform=&#8220;uppercase&#8220; letter_spacing=&#8220;2&#8243; margin_bottom=&#8220;0&#8243; font_family=&#8220;Montserrat&#8220; font_type=&#8220;google&#8220; align=&#8220;center&#8220; el_class=&#8220;name_section&#8220;]Brand[\/mk_fancy_title][mk_fancy_title tag_name=&#8220;h3&#8243; color=&#8220;#898989&#8243; size=&#8220;18&#8243; font_family=&#8220;none&#8220; align=&#8220;center&#8220;]<span style=\"font-weight: 400; font-family: metapro-light;\">Eine unverkennbare Marke, wie die Einzigartigkeit ihrer Heimat<\/span>[\/mk_fancy_title][vc_column_text disable_pattern=&#8220;false&#8220; el_class=&#8220;description_section&#8220;]\n<p style=\"text-align: center;\"><span style=\"font-weight: 400;\">Marsal\u00ecs Branding m\u00f6chte eine Mischung aus Tradition und Geschichte hervorheben, die sich wie die Motive der arabisch-sizilianischen Architektur in einem Gleichgewicht zwischen Feinheit und St\u00e4rke verflechten &#8211; genauso wie unser Kaffee.<\/span><\/p>\n[\/vc_column_text][vc_btn title=&#8220;Erfahren Sie mehr&#8220; style=&#8220;outline-custom&#8220; outline_custom_color=&#8220;#50758b&#8220; outline_custom_hover_background=&#8220;#50758b&#8220; outline_custom_hover_text=&#8220;#ffffff&#8220; shape=&#8220;square&#8220; align=&#8220;center&#8220; link=&#8220;url:http%3A%2F%2Fcaffemarsali.it%2Fen%2Fmarsali-brand%2F|||&#8220;][mk_padding_divider size=&#8220;200&#8243; visibility=&#8220;hidden-sm&#8220;][\/vc_column][\/mk_page_section][mk_page_section bg_image=&#8220;http:\/\/caffemarsali.it\/wp-content\/uploads\/2016\/11\/marsal-donna.jpg&#8220; bg_color=&#8220;#f4f4f4&#8243; attachment=&#8220;fixed&#8220; bg_position=&#8220;center top&#8220; bg_repeat=&#8220;no-repeat&#8220; bg_stretch=&#8220;true&#8220; enable_3d=&#8220;true&#8220; speed_factor=&#8220;0.7&#8243; video_loop=&#8220;false&#8220; video_color_mask=&#8220;#568ebf&#8220; video_opacity=&#8220;0.4&#8243; min_height=&#8220;450&#8243; full_width=&#8220;true&#8220; sidebar=&#8220;sidebar-1&#8243;][vc_column width=&#8220;1\/6&#8243;][\/vc_column][vc_column width=&#8220;2\/3&#8243;][mk_padding_divider size=&#8220;200&#8243;][mk_fancy_title strip_tags=&#8220;true&#8220; tag_name=&#8220;span&#8220; color=&#8220;#ffffff&#8220; size=&#8220;30&#8243; force_font_size=&#8220;true&#8220; size_smallscreen=&#8220;28&#8243; size_tablet=&#8220;24&#8243; size_phone=&#8220;16&#8243; font_weight=&#8220;400&#8243; letter_spacing=&#8220;1&#8243; margin_bottom=&#8220;0&#8243; font_family=&#8220;none&#8220; align=&#8220;center&#8220;]\n<p style=\"text-align: center;\"><span style=\"font-weight: 400; font-family: metapro-normal;\">Ein cremiger Kaffee mit kr\u00e4ftigem und bestechendem Geschmack wie die Gegend, von der er stammt. Ein italienischer Kaffee mit einzigartiger Tradition und Erfahrung, den Sie in der ganzen Welt genie\u00dfen k\u00f6nnen.<\/span><\/p>\n[\/mk_fancy_title][mk_padding_divider size=&#8220;200&#8243;][\/vc_column][vc_column width=&#8220;1\/6&#8243;][\/vc_column][\/mk_page_section][mk_page_section bg_image=&#8220;http:\/\/caffemarsali.it\/wp-content\/uploads\/2016\/11\/marsal-8.jpg&#8220; bg_position=&#8220;right center&#8220; bg_repeat=&#8220;no-repeat&#8220; bg_stretch=&#8220;true&#8220; video_loop=&#8220;false&#8220; bg_gradient=&#8220;vertical&#8220; video_color_mask=&#8220;#232323&#8243; video_opacity=&#8220;0.7&#8243; padding_top=&#8220;0&#8243; padding_bottom=&#8220;0&#8243; sidebar=&#8220;sidebar-1&#8243;][vc_column width=&#8220;1\/4&#8243;][\/vc_column][vc_column width=&#8220;1\/2&#8243; css=&#8220;.vc_custom_1476973626542{background-color: rgba(255,255,255,0.8) !important;*background-color: rgb(255,255,255) !important;}&#8220;][mk_padding_divider size=&#8220;140&#8243;][mk_fancy_title strip_tags=&#8220;true&#8220; tag_name=&#8220;h4&#8243; color=&#8220;#50758b&#8220; size=&#8220;26&#8243; force_font_size=&#8220;true&#8220; size_smallscreen=&#8220;14&#8243; size_tablet=&#8220;14&#8243; size_phone=&#8220;14&#8243; line_height=&#8220;70&#8243; font_weight=&#8220;400&#8243; font_style=&#8220;normal&#8220; letter_spacing=&#8220;1&#8243; margin_bottom=&#8220;0&#8243; font_family=&#8220;none&#8220; align=&#8220;center&#8220;]KONTAKTE[\/mk_fancy_title][mk_padding_divider visibility=&#8220;hidden-sm&#8220;][mk_fancy_title strip_tags=&#8220;true&#8220; tag_name=&#8220;h3&#8243; color=&#8220;#000000&#8243; size=&#8220;18&#8243; force_font_size=&#8220;true&#8220; size_smallscreen=&#8220;14&#8243; size_tablet=&#8220;14&#8243; size_phone=&#8220;14&#8243; line_height=&#8220;70&#8243; font_weight=&#8220;400&#8243; font_style=&#8220;normal&#8220; letter_spacing=&#8220;1&#8243; margin_bottom=&#8220;0&#8243; font_family=&#8220;none&#8220; align=&#8220;center&#8220;]\n<p class=\"p1\"><strong>Caffe Marsal\u00ec<\/strong><\/p>\n[\/mk_fancy_title][mk_fancy_title strip_tags=&#8220;true&#8220; tag_name=&#8220;h3&#8243; color=&#8220;#000000&#8243; size=&#8220;18&#8243; force_font_size=&#8220;true&#8220; size_smallscreen=&#8220;14&#8243; size_tablet=&#8220;14&#8243; size_phone=&#8220;14&#8243; line_height=&#8220;70&#8243; font_weight=&#8220;400&#8243; font_style=&#8220;normal&#8220; letter_spacing=&#8220;1&#8243; margin_bottom=&#8220;0&#8243; font_family=&#8220;none&#8220; align=&#8220;center&#8220;]\n<p class=\"p1\"><strong>97015 Modica (RG), Italy<\/strong><\/p>\n[\/mk_fancy_title][mk_fancy_title strip_tags=&#8220;true&#8220; tag_name=&#8220;h3&#8243; color=&#8220;#000000&#8243; size=&#8220;18&#8243; force_font_size=&#8220;true&#8220; size_smallscreen=&#8220;14&#8243; size_tablet=&#8220;14&#8243; size_phone=&#8220;14&#8243; line_height=&#8220;70&#8243; font_weight=&#8220;400&#8243; font_style=&#8220;normal&#8220; letter_spacing=&#8220;1&#8243; margin_bottom=&#8220;0&#8243; font_family=&#8220;none&#8220; align=&#8220;center&#8220;]\n<p class=\"p1\"><strong>Viale delle Industrie 49-51-53<\/strong><\/p>\n[\/mk_fancy_title][mk_padding_divider][mk_fancy_title strip_tags=&#8220;true&#8220; tag_name=&#8220;h3&#8243; color=&#8220;#000000&#8243; size=&#8220;18&#8243; force_font_size=&#8220;true&#8220; size_smallscreen=&#8220;14&#8243; size_tablet=&#8220;14&#8243; size_phone=&#8220;14&#8243; line_height=&#8220;70&#8243; font_weight=&#8220;400&#8243; font_style=&#8220;normal&#8220; letter_spacing=&#8220;1&#8243; margin_bottom=&#8220;0&#8243; font_family=&#8220;none&#8220; align=&#8220;center&#8220;]\n<p class=\"p1\"><a href=\"mailto:info@caffemarsali.it\">info@caffemarsali.it<\/a><\/p>\n[\/mk_fancy_title][mk_fancy_title strip_tags=&#8220;true&#8220; tag_name=&#8220;h3&#8243; color=&#8220;#000000&#8243; size=&#8220;18&#8243; force_font_size=&#8220;true&#8220; size_smallscreen=&#8220;14&#8243; size_tablet=&#8220;14&#8243; size_phone=&#8220;14&#8243; line_height=&#8220;70&#8243; font_weight=&#8220;400&#8243; font_style=&#8220;normal&#8220; letter_spacing=&#8220;1&#8243; margin_bottom=&#8220;0&#8243; font_family=&#8220;none&#8220; align=&#8220;center&#8220;]\n<p class=\"p1\"><strong>tel +39 0932 904755<\/strong><\/p>\n[\/mk_fancy_title][mk_padding_divider size=&#8220;50&#8243;][vc_btn title=&#8220;KONTAKTE&#8220; style=&#8220;outline-custom&#8220; outline_custom_color=&#8220;#50758b&#8220; outline_custom_hover_background=&#8220;#50758b&#8220; outline_custom_hover_text=&#8220;#ffffff&#8220; shape=&#8220;square&#8220; align=&#8220;center&#8220; link=&#8220;url:http%3A%2F%2Fcaffemarsali.it%2Fcontattaci-marsali%2F|||&#8220;][mk_padding_divider size=&#8220;140&#8243; visibility=&#8220;hidden-sm&#8220;][\/vc_column][vc_column width=&#8220;1\/4&#8243;][\/vc_column][\/mk_page_section]\n","protected":false},"excerpt":{"rendered":"<p>[mk_page_section bg_image=&#8220;http:\/\/caffemarsali.it\/wp-content\/uploads\/2016\/09\/marsali-12.jpeg&#8220; attachment=&#8220;fixed&#8220; bg_position=&#8220;left center&#8220; bg_repeat=&#8220;no-repeat&#8220; bg_stretch=&#8220;true&#8220; enable_3d=&#8220;true&#8220; video_loop=&#8220;false&#8220; bg_gradient=&#8220;left_top&#8220; video_color_mask=&#8220;#000000&#8243; gr_end=&#8220;rgba(0,0,0,0.55)&#8220; video_opacity=&#8220;0.2&#8243; full_height=&#8220;true&#8220; skip_arrow=&#8220;true&#8220; top_shape_color=&#8220;#ffffff&#8220; bottom_shape_color=&#8220;#ffffff&#8220; el_class=&#8220;custom-jueves-gradient-bg arrowDownHidden&#8220; sidebar=&#8220;sidebar-1&#8243;][vc_column width=&#8220;1\/6&#8243;][\/vc_column][vc_column width=&#8220;2\/3&#8243;][vc_single_image image=&#8220;8273&#8243; img_size=&#8220;&#8220; alignment=&#8220;center&#8220; css_animation=&#8220;appear&#8220; el_class=&#8220;svg-logo-title&#8220;][mk_fancy_title strip_tags=&#8220;true&#8220; tag_name=&#8220;h3&#8243; color=&#8220;#ffffff&#8220; size=&#8220;26&#8243; force_font_size=&#8220;true&#8220; size_smallscreen=&#8220;20&#8243; size_tablet=&#8220;18&#8243; size_phone=&#8220;16&#8243; font_weight=&#8220;400&#8243; letter_spacing=&#8220;1&#8243; margin_bottom=&#8220;0&#8243; font_family=&#8220;none&#8220; align=&#8220;center&#8220; animation=&#8220;left-to-right&#8220;]Ein italienischer Kaffee. Ein gemeinsam zu entdeckender Genuss.[\/mk_fancy_title][\/vc_column][vc_column width=&#8220;1\/6&#8243;][\/vc_column][\/mk_page_section][mk_page_section layout_structure=&#8220;half_left&#8220; bg_image=&#8220;http:\/\/caffemarsali.it\/wp-content\/uploads\/2016\/09\/still-life-2-ld-e1477567292806.jpg&#8220; bg_color=&#8220;#f4f4f4&#8243; bg_stretch=&#8220;true&#8220; full_width=&#8220;true&#8220; full_height=&#8220;true&#8220; [&hellip;]<\/p>\n","protected":false},"author":2,"featured_media":0,"parent":0,"menu_order":0,"comment_status":"closed","ping_status":"closed","template":"","meta":{"inline_featured_image":false,"_mi_skip_tracking":false,"_exactmetrics_sitenote_active":false,"_exactmetrics_sitenote_note":"","_exactmetrics_sitenote_category":0,"footnotes":""},"_links":{"self":[{"href":"https:\/\/caffemarsali.it\/de\/wp-json\/wp\/v2\/pages\/8946"}],"collection":[{"href":"https:\/\/caffemarsali.it\/de\/wp-json\/wp\/v2\/pages"}],"about":[{"href":"https:\/\/caffemarsali.it\/de\/wp-json\/wp\/v2\/types\/page"}],"author":[{"embeddable":true,"href":"https:\/\/caffemarsali.it\/de\/wp-json\/wp\/v2\/users\/2"}],"replies":[{"embeddable":true,"href":"https:\/\/caffemarsali.it\/de\/wp-json\/wp\/v2\/comments?post=8946"}],"version-history":[{"count":3,"href":"https:\/\/caffemarsali.it\/de\/wp-json\/wp\/v2\/pages\/8946\/revisions"}],"predecessor-version":[{"id":8974,"href":"https:\/\/caffemarsali.it\/de\/wp-json\/wp\/v2\/pages\/8946\/revisions\/8974"}],"wp:attachment":[{"href":"https:\/\/caffemarsali.it\/de\/wp-json\/wp\/v2\/media?parent=8946"}],"curies":[{"name":"wp","href":"https:\/\/api.w.org\/{rel}","templated":true}]}}